{"id":77,"date":"2021-03-16T12:54:37","date_gmt":"2021-03-16T11:54:37","guid":{"rendered":"http:\/\/tomaro.fr\/?page_id=77"},"modified":"2021-12-21T08:15:10","modified_gmt":"2021-12-21T07:15:10","slug":"accueil","status":"publish","type":"page","link":"https:\/\/tomaro.fr\/","title":{"rendered":"Le cadre d&rsquo;exp\u00e9rimentations \u00ab\u00a0Territoire E+ C-\u00ab\u00a0"},"content":{"rendered":"\n<div class=\"wp-block-group\"><div class=\"wp-block-group__inner-container is-layout-flow wp-block-group-is-layout-flow\">\n<p class=\"has-text-align-left has-primary-color has-text-color has-normal-font-size\">R\u00e9sultat de plusieurs ann\u00e9es de travaux r\u00e9unissant diff\u00e9rentes disciplines scientifiques, fili\u00e8res professionnelles et corps institutionnels, nous mettons des connaissances scientifiques, juridiques et m\u00e9thodologiques \u00e0 la disposition de tous ceux qui sont concern\u00e9s par l\u2019\u00e9panouissement conjoint des soci\u00e9t\u00e9s humaines et des milieux naturels sur un territoire d\u00e9limit\u00e9, dans un contexte de changements pr\u00e9dictibles des conditions de vie, conjuguant att\u00e9nuation des impacts et adaptation des activit\u00e9s humaines. Il est ici propos\u00e9 un cadre d\u2019actions aux autorit\u00e9s l\u00e9gitimes disposant de comp\u00e9tences dans l\u2019administration des sols et le bon fonctionnement des structures collectives, mobilisant outils, m\u00e9thodes et comp\u00e9tences accessibles favorisant la convergence de pratiques judicieuses, pour \u00ab faire mieux avec moins \u00bb et doter les organisations humaines de capacit\u00e9s de transformations, d\u2019adaptabilit\u00e9, de r\u00e9silience.<\/p>\n\n\n\n<p class=\"has-primary-color has-text-color has-normal-font-size\"><strong>Coop\u00e9ration multi-niveaux et synchronisation \u00e0 diff\u00e9rentes \u00e9chelles de temps deviennent les cl\u00e9s pour anticiper les changements et renforcer durablement les fonctions du territoire. Si les technologies num\u00e9riques sont en capacit\u00e9 d\u2019aider \u00e0 la d\u00e9cision puis de superviser cette gestion int\u00e9gr\u00e9e des territoires, il reste n\u00e9cessaire de sp\u00e9cifier au pr\u00e9alable les objectifs, les strat\u00e9gies et les r\u00e8gles communes aux multiples parties prenantes, avec des niveaux d\u2019engagements suffisants de tous et de chacun pour pouvoir assurer les performances collectives attendues sur le temps long.<\/strong> <\/p>\n\n\n\n<p class=\"has-primary-color has-text-color has-normal-font-size\">Faire \u00ab&nbsp;projet commun&nbsp;\u00bb est complexe et, m\u00eame si des outils sont mobilis\u00e9s ici, c\u2019est un exercice singulier que de rendre performatives ces communaut\u00e9s. L\u2019accompagnement, la mod\u00e9lisation et l\u2019\u00e9valuation des exp\u00e9rimentations qui seront men\u00e9es dans le cadre propos\u00e9 ici est l\u2019objet de ce projet ouvert de recherche-action. <\/p>\n<\/div><\/div>\n\n\n\n<div class=\"wp-block-image\"><figure class=\"alignleft size-large is-resized\"><img loading=\"lazy\" decoding=\"async\" src=\"http:\/\/tomaro.fr\/wp-content\/uploads\/2021\/03\/Systems-Thinking-Web-Slide-edited.png\" alt=\"\" class=\"wp-image-101\" width=\"370\" height=\"247\" srcset=\"https:\/\/tomaro.fr\/wp-content\/uploads\/2021\/03\/Systems-Thinking-Web-Slide-edited.png 1800w, https:\/\/tomaro.fr\/wp-content\/uploads\/2021\/03\/Systems-Thinking-Web-Slide-edited-300x201.png 300w, https:\/\/tomaro.fr\/wp-content\/uploads\/2021\/03\/Systems-Thinking-Web-Slide-edited-1024x686.png 1024w, https:\/\/tomaro.fr\/wp-content\/uploads\/2021\/03\/Systems-Thinking-Web-Slide-edited-768x514.png 768w, https:\/\/tomaro.fr\/wp-content\/uploads\/2021\/03\/Systems-Thinking-Web-Slide-edited-1536x1028.png 1536w, https:\/\/tomaro.fr\/wp-content\/uploads\/2021\/03\/Systems-Thinking-Web-Slide-edited-1200x803.png 1200w\" sizes=\"(max-width: 370px) 100vw, 370px\" \/><\/figure><\/div>\n\n\n\n<p class=\"has-text-align-left has-small-font-size\">Ce <a href=\"http:\/\/tomaro.fr\/?page_id=133\" data-type=\"URL\">document<\/a> est partag\u00e9 sous licence libre : sous conditions de citer la source, il est permis de l&rsquo;utiliser, le modifier et partager les r\u00e9sultats sous les m\u00eames conditions <\/p>\n","protected":false},"excerpt":{"rendered":"<p>R\u00e9sultat de plusieurs ann\u00e9es de travaux r\u00e9unissant diff\u00e9rentes disciplines scientifiques, fili\u00e8res professionnelles et corps institutionnels, nous mettons des connaissances scientifiques, juridiques et m\u00e9thodologiques \u00e0 la disposition de tous ceux qui sont concern\u00e9s par l\u2019\u00e9panouissement conjoint des soci\u00e9t\u00e9s humaines et des milieux naturels sur un territoire d\u00e9limit\u00e9, dans un contexte de changements pr\u00e9dictibles des conditions de&hellip; <a class=\"more-link\" href=\"https:\/\/tomaro.fr\/\">Poursuivre la lecture <span class=\"screen-reader-text\">Le cadre d&rsquo;exp\u00e9rimentations \u00ab\u00a0Territoire E+ C-\u00ab\u00a0<\/span><\/a><\/p>\n","protected":false},"author":1,"featured_media":80,"parent":0,"menu_order":0,"comment_status":"closed","ping_status":"closed","template":"templates\/template-full-width.php","meta":{"footnotes":""},"_links":{"self":[{"href":"https:\/\/tomaro.fr\/index.php?rest_route=\/wp\/v2\/pages\/77"}],"collection":[{"href":"https:\/\/tomaro.fr\/index.php?rest_route=\/wp\/v2\/pages"}],"about":[{"href":"https:\/\/tomaro.fr\/index.php?rest_route=\/wp\/v2\/types\/page"}],"author":[{"embeddable":true,"href":"https:\/\/tomaro.fr\/index.php?rest_route=\/wp\/v2\/users\/1"}],"replies":[{"embeddable":true,"href":"https:\/\/tomaro.fr\/index.php?rest_route=%2Fwp%2Fv2%2Fcomments&post=77"}],"version-history":[{"count":26,"href":"https:\/\/tomaro.fr\/index.php?rest_route=\/wp\/v2\/pages\/77\/revisions"}],"predecessor-version":[{"id":265,"href":"https:\/\/tomaro.fr\/index.php?rest_route=\/wp\/v2\/pages\/77\/revisions\/265"}],"wp:featuredmedia":[{"embeddable":true,"href":"https:\/\/tomaro.fr\/index.php?rest_route=\/wp\/v2\/media\/80"}],"wp:attachment":[{"href":"https:\/\/tomaro.fr\/index.php?rest_route=%2Fwp%2Fv2%2Fmedia&parent=77"}],"curies":[{"name":"wp","href":"https:\/\/api.w.org\/{rel}","templated":true}]}}